{"id":612,"date":"2025-02-06T10:00:29","date_gmt":"2025-02-06T09:00:29","guid":{"rendered":"https:\/\/www.landhaus-leonhard.com\/datenschutz\/"},"modified":"2025-02-05T11:05:05","modified_gmt":"2025-02-05T10:05:05","slug":"privacy","status":"publish","type":"page","link":"https:\/\/www.landhaus-leonhard.com\/it\/privacy\/","title":{"rendered":"Privacy"},"content":{"rendered":"\n<style type=\"text\/css\" data-created_by=\"avia_inline_auto\" id=\"style-css-av-m6hlik02-36b6e194989ea4995732293d176fbcd3\">\n#top .av-special-heading.av-m6hlik02-36b6e194989ea4995732293d176fbcd3{\npadding-bottom:10px;\n}\nbody .av-special-heading.av-m6hlik02-36b6e194989ea4995732293d176fbcd3 .av-special-heading-tag .heading-char{\nfont-size:25px;\n}\n.av-special-heading.av-m6hlik02-36b6e194989ea4995732293d176fbcd3 .av-subheading{\nfont-size:15px;\n}\n<\/style>\n<div  class='av-special-heading av-m6hlik02-36b6e194989ea4995732293d176fbcd3 av-special-heading-h3 blockquote modern-quote  avia-builder-el-0  el_before_av_one_half  avia-builder-el-first '><h3 class='av-special-heading-tag '  itemprop=\"headline\"  >Privacy<\/h3><div class=\"special-heading-border\"><div class=\"special-heading-inner-border\"><\/div><\/div><\/div>\n<div class='flex_column_table av-av_one_half-6f4959f6001509cc1eefdd6815b2a85c sc-av_one_half av-equal-height-column-flextable'><div  class='flex_column av-av_one_half-6f4959f6001509cc1eefdd6815b2a85c av_one_half  avia-builder-el-1  el_after_av_heading  el_before_av_section  avia-builder-el-last  first flex_column_table_cell av-equal-height-column av-align-top  '     ><section  class='av_textblock_section av-m6hlk6au-7d296f2dad9dd72c567926054c011e3b '   itemscope=\"itemscope\" itemtype=\"https:\/\/schema.org\/CreativeWork\" ><div class='avia_textblock'  itemprop=\"text\" ><p>Ai sensi dell\u2019art. 13 del Regolamento (UE) 2016\/679 relativo alla protezione delle persone fisiche con riguardo al trattamento dei dati personali e della raccomandazione n. 2\/2001 relativa ai requisiti minimi per la raccolta di dati on-line nell\u2019UE<\/p>\n<\/div><\/section><\/div><\/div><!--close column table wrapper. Autoclose: 1 --><\/div><\/div><\/div><!-- close content main div --><\/div><\/div><div id='av_section_1'  class='avia-section av-av_section-fd2a3f3c792c4b1ea73974088a5f2c68 alternate_color avia-section-default avia-no-border-styling  avia-builder-el-3  el_after_av_one_half  avia-builder-el-last  avia-bg-style-scroll container_wrap fullsize'  ><div class='container av-section-cont-open' ><div class='template-page content  av-content-full alpha units'><div class='post-entry post-entry-type-page post-entry-612'><div class='entry-content-wrapper clearfix'>\n<section  class='av_textblock_section av-m6hlo3gr-1b71673cf64769dce486ed46ba125ae1 '   itemscope=\"itemscope\" itemtype=\"https:\/\/schema.org\/CreativeWork\" ><div class='avia_textblock'  itemprop=\"text\" ><p><strong>1. Titolare del trattamento dei dati personali<\/strong><\/p>\n<p>Landhaus Leonhard<br \/>\nRappresentante legale: Hanno Pardatscher<br \/>\nI-39044 Egna (BZ) \u2013 Cauria, 4<br \/>\nPart. IVA: 03172050217<br \/>\nTel.\u00a0+39 378 085 2844<br \/>\nE-Mail:\u00a0<a href=\"mailto:info@landhaus-leonhard.com\">info@landhaus-leonhard.com<\/a><\/p>\n<p>Responsabile della Protezione dei Dati Personali<\/p>\n<p>Landhaus Leonhard<br \/>\nRappresentante legale: Hanno Pardatscher<br \/>\nI-39044 Egna (BZ) \u2013 Cauria, 4<br \/>\nPart. IVA: 03172050217<br \/>\nTel.\u00a0+39 378 085 2844<br \/>\nE-Mail:\u00a0<a href=\"mailto:info@landhaus-leonhard.com\">info@landhaus-leonhard.com<\/a><\/p>\n<p>La presente informativa privacy intende fornire informazioni circa il trattamento, le finalit\u00e0, le modalit\u00e0 e, in generale, la gestione dei dati raccolti tramite il sito web www.landhaus-leonhard.com (di seguito, per brevit\u00e0, il Sito Web). La presente informativa privacy riguarda unicamente il presente Sito Web, escludendo quindi ulteriori pagine visitabili tramite collegamento (link).<\/p>\n<p><strong>2. Finalit\u00e0 del trattamento e base giuridica<\/strong><br \/>\nIl Titolare del trattamento garantisce nell\u2019ambito delle previsioni normative che il trattamento dei dati personali tramite il Sito Web si svolge nel rispetto dei diritti e delle libert\u00e0 fondamentali, nonch\u00e9 della dignit\u00e0 dell\u2019interessato\/a, con particolare riferimento alla riservatezza, all\u2019identit\u00e0 personale e al diritto alla protezione dei dati personali.<br \/>\nNel rispetto delle condizioni di liceit\u00e0 previste all\u2019art. 6 del GDPR 2016\/679, i dati personali da Lei forniti attraverso il Sito Web potranno essere trattati esclusivamente per le seguenti finalit\u00e0:<br \/>\na) Iscrizione Newsletter<br \/>\nL\u2019interessato ha prestato il proprio consenso esplicito al trattamento di tali dati personali per una o pi\u00f9 finalit\u00e0 specifiche [\u2026] \u2013 art. 6, comma 1, lett. a) del GDPR 2016\/67).<\/p>\n<p><strong>3. Tipologia di dati trattati<\/strong><br \/>\nPer le finalit\u00e0 sopra citate possono essere oggetto di trattamento principalmente:<br \/>\na. dati personali di natura comune (es. nome, cognome, numero di telefono e indirizzo di posta elettronica);<\/p>\n<p><strong>4. Modalit\u00e0 di trattamento<\/strong><br \/>\nIl trattamento sar\u00e0 effettuato:<br \/>\na. dal solo personale autorizzato per lo svolgimento delle attivit\u00e0 di trattamento;<br \/>\nb. mediante l\u2019utilizzo di sistemi manuali e elettronici;<br \/>\nc. da soggetti autorizzati all\u2019assolvimento di tali compiti ai sensi di legge;<br \/>\nd. con l\u2019impiego di misure organizzative e tecniche adeguate a garantire la riservatezza dei dati ed evitare l\u2019accesso agli stessi da parte di terzi non autorizzati.<br \/>\nI Suoi dati non saranno inseriti in processi decisionali automatizzati.<\/p>\n<p><strong>5. Periodo di conservazione dei dati personali<\/strong><br \/>\nI dati da Lei forniti saranno conservati per il periodo strettamente necessario al perseguimento delle finalit\u00e0 ovvero fino alla revoca del consenso prestato.<\/p>\n<p><strong>6. Diffusione e comunicazione dei dati personali<\/strong><br \/>\nI Suoi dati personali non saranno diffusi. Tuttavia gli stessi potranno essere comunicati a terzi:<br \/>\na. alle Pubbliche Amministrazioni e Autorit\u00e0, ove previsto dalla legge;<br \/>\nb. fornitori di servizi e soggetti terzi in rapporto contrattuale con il Titolare nominati quali \u201cResponsabili del trattamento\u201d ex art. 28 del GDPR e tenuti al rispetto degli obblighi in materia di protezione dei dati, in virt\u00f9 di un apposito atto stipulato con il Titolare;<br \/>\nc. soggetti giuridici legittimati ad accedere ai dati in forza di disposizioni di legge, normative e regolamentari<\/p>\n<p><strong>7. Diritti degli interessati<\/strong><br \/>\nLei ha diritto di richiedere al Titolare del trattamento i diritti di cui agli artt. 15 e ss. del GDPR 2016\/679:<br \/>\n\u2013 L\u2019accesso ai Suoi dati ed informazioni;<br \/>\n\u2013 la rettifica e la cancellazione (\u201cdiritto all\u2019oblio\u201d) dei dati;<br \/>\n\u2013 la limitazione del trattamento e la possibilit\u00e0 di opporsi al trattamento;<br \/>\n\u2013 la portabilit\u00e0 dei dati;<br \/>\n\u2013 la revoca al consenso del trattamento.<\/p>\n<p>Qualora ritenga che i suoi diritti sono stati violati, Lei ha la facolt\u00e0 e il diritto di esporre reclamo all\u2019Autorit\u00e0 GPDP per la tutela dei dati personali:\u00a0<a href=\"https:\/\/www.garanteprivacy.it\" target=\"_blank\" rel=\"noopener\">www.garanteprivacy.it<\/a><\/p>\n<\/div><\/section>\n<\/p>\n","protected":false},"excerpt":{"rendered":"","protected":false},"author":1,"featured_media":578,"parent":0,"menu_order":0,"comment_status":"closed","ping_status":"closed","template":"","meta":{"_joinchat":[],"footnotes":""},"class_list":["post-612","page","type-page","status-publish","has-post-thumbnail","hentry"],"yoast_head":"<!-- This site is optimized with the Yoast SEO plugin v27.3 - https:\/\/yoast.com\/product\/yoast-seo-wordpress\/ -->\n<title>Privacy - Landhaus Leonhard<\/title>\n<meta name=\"description\" content=\"Privacy: Pursuant to Article 13 of Regulation (EU) 2016\/679 on the protection of individuals with regard to the processing of personal ...\" \/>\n<meta name=\"robots\" content=\"index, follow, max-snippet:-1, max-image-preview:large, max-video-preview:-1\" \/>\n<link rel=\"canonical\" href=\"https:\/\/www.landhaus-leonhard.com\/it\/privacy\/\" \/>\n<meta property=\"og:locale\" content=\"it_IT\" \/>\n<meta property=\"og:type\" content=\"article\" \/>\n<meta property=\"og:title\" content=\"Privacy - Landhaus Leonhard\" \/>\n<meta property=\"og:description\" content=\"Privacy: Pursuant to Article 13 of Regulation (EU) 2016\/679 on the protection of individuals with regard to the processing of personal ...\" \/>\n<meta property=\"og:url\" content=\"https:\/\/www.landhaus-leonhard.com\/it\/privacy\/\" \/>\n<meta property=\"og:site_name\" content=\"Landhaus Leonhard\" \/>\n<meta property=\"og:image\" content=\"https:\/\/www.landhaus-leonhard.com\/wp-content\/uploads\/2025\/02\/landhaus-leonhard_favicon-SEO.png\" \/>\n\t<meta property=\"og:image:width\" content=\"512\" \/>\n\t<meta property=\"og:image:height\" content=\"512\" \/>\n\t<meta property=\"og:image:type\" content=\"image\/png\" \/>\n<meta name=\"twitter:card\" content=\"summary_large_image\" \/>\n<script type=\"application\/ld+json\" class=\"yoast-schema-graph\">{\"@context\":\"https:\\\/\\\/schema.org\",\"@graph\":[{\"@type\":\"WebPage\",\"@id\":\"https:\\\/\\\/www.landhaus-leonhard.com\\\/it\\\/privacy\\\/\",\"url\":\"https:\\\/\\\/www.landhaus-leonhard.com\\\/it\\\/privacy\\\/\",\"name\":\"Privacy - Landhaus Leonhard\",\"isPartOf\":{\"@id\":\"https:\\\/\\\/www.landhaus-leonhard.com\\\/it\\\/#website\"},\"primaryImageOfPage\":{\"@id\":\"https:\\\/\\\/www.landhaus-leonhard.com\\\/it\\\/privacy\\\/#primaryimage\"},\"image\":{\"@id\":\"https:\\\/\\\/www.landhaus-leonhard.com\\\/it\\\/privacy\\\/#primaryimage\"},\"thumbnailUrl\":\"https:\\\/\\\/www.landhaus-leonhard.com\\\/wp-content\\\/uploads\\\/2025\\\/02\\\/landhaus-leonhard_favicon-SEO.png\",\"datePublished\":\"2025-02-06T09:00:29+00:00\",\"description\":\"Privacy: Pursuant to Article 13 of Regulation (EU) 2016\\\/679 on the protection of individuals with regard to the processing of personal ...\",\"breadcrumb\":{\"@id\":\"https:\\\/\\\/www.landhaus-leonhard.com\\\/it\\\/privacy\\\/#breadcrumb\"},\"inLanguage\":\"it-IT\",\"potentialAction\":[{\"@type\":\"ReadAction\",\"target\":[\"https:\\\/\\\/www.landhaus-leonhard.com\\\/it\\\/privacy\\\/\"]}]},{\"@type\":\"ImageObject\",\"inLanguage\":\"it-IT\",\"@id\":\"https:\\\/\\\/www.landhaus-leonhard.com\\\/it\\\/privacy\\\/#primaryimage\",\"url\":\"https:\\\/\\\/www.landhaus-leonhard.com\\\/wp-content\\\/uploads\\\/2025\\\/02\\\/landhaus-leonhard_favicon-SEO.png\",\"contentUrl\":\"https:\\\/\\\/www.landhaus-leonhard.com\\\/wp-content\\\/uploads\\\/2025\\\/02\\\/landhaus-leonhard_favicon-SEO.png\",\"width\":512,\"height\":512,\"caption\":\"Casa vacanze a Cauria presso Egna colophon Privacy Condizioni generali di contratto Cookie-Policy\"},{\"@type\":\"BreadcrumbList\",\"@id\":\"https:\\\/\\\/www.landhaus-leonhard.com\\\/it\\\/privacy\\\/#breadcrumb\",\"itemListElement\":[{\"@type\":\"ListItem\",\"position\":1,\"name\":\"Startseite\",\"item\":\"https:\\\/\\\/www.landhaus-leonhard.com\\\/it\\\/casa-vacanze-a-cauria-presso-egna\\\/\"},{\"@type\":\"ListItem\",\"position\":2,\"name\":\"Privacy\"}]},{\"@type\":\"WebSite\",\"@id\":\"https:\\\/\\\/www.landhaus-leonhard.com\\\/it\\\/#website\",\"url\":\"https:\\\/\\\/www.landhaus-leonhard.com\\\/it\\\/\",\"name\":\"Landhaus Leonhard\",\"description\":\"Casa vacanze Landhaus Leonhard a Cauria presso Egna. Godetevi la pace e l&#039;isolamento in mezzo alla natura. Punto di partenza ideale per escursioni.\",\"publisher\":{\"@id\":\"https:\\\/\\\/www.landhaus-leonhard.com\\\/it\\\/#organization\"},\"potentialAction\":[{\"@type\":\"SearchAction\",\"target\":{\"@type\":\"EntryPoint\",\"urlTemplate\":\"https:\\\/\\\/www.landhaus-leonhard.com\\\/it\\\/?s={search_term_string}\"},\"query-input\":{\"@type\":\"PropertyValueSpecification\",\"valueRequired\":true,\"valueName\":\"search_term_string\"}}],\"inLanguage\":\"it-IT\"},{\"@type\":\"Organization\",\"@id\":\"https:\\\/\\\/www.landhaus-leonhard.com\\\/it\\\/#organization\",\"name\":\"Landhaus Leonhard\",\"url\":\"https:\\\/\\\/www.landhaus-leonhard.com\\\/it\\\/\",\"logo\":{\"@type\":\"ImageObject\",\"inLanguage\":\"it-IT\",\"@id\":\"https:\\\/\\\/www.landhaus-leonhard.com\\\/it\\\/#\\\/schema\\\/logo\\\/image\\\/\",\"url\":\"https:\\\/\\\/www.landhaus-leonhard.com\\\/wp-content\\\/uploads\\\/2025\\\/02\\\/landhaus-leonhard_favicon-SEO.png\",\"contentUrl\":\"https:\\\/\\\/www.landhaus-leonhard.com\\\/wp-content\\\/uploads\\\/2025\\\/02\\\/landhaus-leonhard_favicon-SEO.png\",\"width\":512,\"height\":512,\"caption\":\"Landhaus Leonhard\"},\"image\":{\"@id\":\"https:\\\/\\\/www.landhaus-leonhard.com\\\/it\\\/#\\\/schema\\\/logo\\\/image\\\/\"}}]}<\/script>\n<!-- \/ Yoast SEO plugin. -->","yoast_head_json":{"title":"Privacy - Landhaus Leonhard","description":"Privacy: Pursuant to Article 13 of Regulation (EU) 2016\/679 on the protection of individuals with regard to the processing of personal ...","robots":{"index":"index","follow":"follow","max-snippet":"max-snippet:-1","max-image-preview":"max-image-preview:large","max-video-preview":"max-video-preview:-1"},"canonical":"https:\/\/www.landhaus-leonhard.com\/it\/privacy\/","og_locale":"it_IT","og_type":"article","og_title":"Privacy - Landhaus Leonhard","og_description":"Privacy: Pursuant to Article 13 of Regulation (EU) 2016\/679 on the protection of individuals with regard to the processing of personal ...","og_url":"https:\/\/www.landhaus-leonhard.com\/it\/privacy\/","og_site_name":"Landhaus Leonhard","og_image":[{"width":512,"height":512,"url":"https:\/\/www.landhaus-leonhard.com\/wp-content\/uploads\/2025\/02\/landhaus-leonhard_favicon-SEO.png","type":"image\/png"}],"twitter_card":"summary_large_image","schema":{"@context":"https:\/\/schema.org","@graph":[{"@type":"WebPage","@id":"https:\/\/www.landhaus-leonhard.com\/it\/privacy\/","url":"https:\/\/www.landhaus-leonhard.com\/it\/privacy\/","name":"Privacy - Landhaus Leonhard","isPartOf":{"@id":"https:\/\/www.landhaus-leonhard.com\/it\/#website"},"primaryImageOfPage":{"@id":"https:\/\/www.landhaus-leonhard.com\/it\/privacy\/#primaryimage"},"image":{"@id":"https:\/\/www.landhaus-leonhard.com\/it\/privacy\/#primaryimage"},"thumbnailUrl":"https:\/\/www.landhaus-leonhard.com\/wp-content\/uploads\/2025\/02\/landhaus-leonhard_favicon-SEO.png","datePublished":"2025-02-06T09:00:29+00:00","description":"Privacy: Pursuant to Article 13 of Regulation (EU) 2016\/679 on the protection of individuals with regard to the processing of personal ...","breadcrumb":{"@id":"https:\/\/www.landhaus-leonhard.com\/it\/privacy\/#breadcrumb"},"inLanguage":"it-IT","potentialAction":[{"@type":"ReadAction","target":["https:\/\/www.landhaus-leonhard.com\/it\/privacy\/"]}]},{"@type":"ImageObject","inLanguage":"it-IT","@id":"https:\/\/www.landhaus-leonhard.com\/it\/privacy\/#primaryimage","url":"https:\/\/www.landhaus-leonhard.com\/wp-content\/uploads\/2025\/02\/landhaus-leonhard_favicon-SEO.png","contentUrl":"https:\/\/www.landhaus-leonhard.com\/wp-content\/uploads\/2025\/02\/landhaus-leonhard_favicon-SEO.png","width":512,"height":512,"caption":"Casa vacanze a Cauria presso Egna colophon Privacy Condizioni generali di contratto Cookie-Policy"},{"@type":"BreadcrumbList","@id":"https:\/\/www.landhaus-leonhard.com\/it\/privacy\/#breadcrumb","itemListElement":[{"@type":"ListItem","position":1,"name":"Startseite","item":"https:\/\/www.landhaus-leonhard.com\/it\/casa-vacanze-a-cauria-presso-egna\/"},{"@type":"ListItem","position":2,"name":"Privacy"}]},{"@type":"WebSite","@id":"https:\/\/www.landhaus-leonhard.com\/it\/#website","url":"https:\/\/www.landhaus-leonhard.com\/it\/","name":"Landhaus Leonhard","description":"Casa vacanze Landhaus Leonhard a Cauria presso Egna. Godetevi la pace e l&#039;isolamento in mezzo alla natura. Punto di partenza ideale per escursioni.","publisher":{"@id":"https:\/\/www.landhaus-leonhard.com\/it\/#organization"},"potentialAction":[{"@type":"SearchAction","target":{"@type":"EntryPoint","urlTemplate":"https:\/\/www.landhaus-leonhard.com\/it\/?s={search_term_string}"},"query-input":{"@type":"PropertyValueSpecification","valueRequired":true,"valueName":"search_term_string"}}],"inLanguage":"it-IT"},{"@type":"Organization","@id":"https:\/\/www.landhaus-leonhard.com\/it\/#organization","name":"Landhaus Leonhard","url":"https:\/\/www.landhaus-leonhard.com\/it\/","logo":{"@type":"ImageObject","inLanguage":"it-IT","@id":"https:\/\/www.landhaus-leonhard.com\/it\/#\/schema\/logo\/image\/","url":"https:\/\/www.landhaus-leonhard.com\/wp-content\/uploads\/2025\/02\/landhaus-leonhard_favicon-SEO.png","contentUrl":"https:\/\/www.landhaus-leonhard.com\/wp-content\/uploads\/2025\/02\/landhaus-leonhard_favicon-SEO.png","width":512,"height":512,"caption":"Landhaus Leonhard"},"image":{"@id":"https:\/\/www.landhaus-leonhard.com\/it\/#\/schema\/logo\/image\/"}}]}},"_links":{"self":[{"href":"https:\/\/www.landhaus-leonhard.com\/it\/wp-json\/wp\/v2\/pages\/612","targetHints":{"allow":["GET"]}}],"collection":[{"href":"https:\/\/www.landhaus-leonhard.com\/it\/wp-json\/wp\/v2\/pages"}],"about":[{"href":"https:\/\/www.landhaus-leonhard.com\/it\/wp-json\/wp\/v2\/types\/page"}],"author":[{"embeddable":true,"href":"https:\/\/www.landhaus-leonhard.com\/it\/wp-json\/wp\/v2\/users\/1"}],"replies":[{"embeddable":true,"href":"https:\/\/www.landhaus-leonhard.com\/it\/wp-json\/wp\/v2\/comments?post=612"}],"version-history":[{"count":0,"href":"https:\/\/www.landhaus-leonhard.com\/it\/wp-json\/wp\/v2\/pages\/612\/revisions"}],"wp:featuredmedia":[{"embeddable":true,"href":"https:\/\/www.landhaus-leonhard.com\/it\/wp-json\/wp\/v2\/media\/578"}],"wp:attachment":[{"href":"https:\/\/www.landhaus-leonhard.com\/it\/wp-json\/wp\/v2\/media?parent=612"}],"curies":[{"name":"wp","href":"https:\/\/api.w.org\/{rel}","templated":true}]}}